{"id":147,"date":"2024-01-30T21:58:04","date_gmt":"2024-01-31T00:58:04","guid":{"rendered":"https:\/\/neive.com.br\/?page_id=147"},"modified":"2024-01-30T22:10:57","modified_gmt":"2024-01-31T01:10:57","slug":"backup-gerenciado","status":"publish","type":"page","link":"https:\/\/neive.com.br\/index.php\/backup-gerenciado\/","title":{"rendered":"Backup Gerenciado"},"content":{"rendered":"\n<h1 class=\"wp-block-heading\"><mark style=\"background-color:rgba(0, 0, 0, 0)\" class=\"has-inline-color has-luminous-vivid-orange-color\">Simples. Confi\u00e1vel.<\/mark><\/h1>\n\n\n\n<p>Poderoso backup entre plataformas e recupera\u00e7\u00e3o de desastres que aproveita a nuvem p\u00fablica para permitir uma estrat\u00e9gia abrangente de prote\u00e7\u00e3o de dados.<\/p>\n\n\n\n<p><\/p>\n\n\n\n<h2 class=\"wp-block-heading\"><mark style=\"background-color:rgba(0, 0, 0, 0)\" class=\"has-inline-color has-luminous-vivid-orange-color\">Prote\u00e7\u00e3o de dados para MSPs e times de TI<\/mark><\/h2>\n\n\n\n<p class=\"has-black-color has-text-color has-link-color wp-elements-c3b7e57d36e968701c96267c23040d0d\">O Neive Managed Backup \u00e9 uma solu\u00e7\u00e3o f\u00e1cil de usar com gerenciamento centralizado, monitoramento, emiss\u00e3o de relat\u00f3rios e acesso remoto gratuito baseado na Web. A plataforma \u00e9 nativamente integrada \u00e0 <strong>AWS<\/strong>, <strong>Wasabi<\/strong>, <strong>Backblaze B2<\/strong> e <strong>Microsoft Azure <\/strong>para permitir a melhor prote\u00e7\u00e3o de dados da categoria para <strong>Windows, Linux, macOS, VMware, Hyper-V, Microsoft 365 e Google Workspace<\/strong>.<\/p>\n\n\n\n<h2 class=\"wp-block-heading\"><mark style=\"background-color:rgba(0, 0, 0, 0)\" class=\"has-inline-color has-luminous-vivid-orange-color\">Como funciona<\/mark><\/h2>\n\n\n<div class=\"wp-block-image\">\n<figure data-wp-context=\"{&quot;imageId&quot;:&quot;69e0dca364d16&quot;}\" data-wp-interactive=\"core\/image\" data-wp-key=\"69e0dca364d16\" class=\"aligncenter size-full wp-lightbox-container\"><img fetchpriority=\"high\" decoding=\"async\" width=\"979\" height=\"563\" data-wp-class--hide=\"state.isContentHidden\" data-wp-class--show=\"state.isContentVisible\" data-wp-init=\"callbacks.setButtonStyles\" data-wp-on--click=\"actions.showLightbox\" data-wp-on--load=\"callbacks.setButtonStyles\" data-wp-on-window--resize=\"callbacks.setButtonStyles\" src=\"https:\/\/neive.com.br\/wp-content\/uploads\/2024\/01\/como_funciona.png\" alt=\"\" class=\"wp-image-165\" srcset=\"https:\/\/neive.com.br\/wp-content\/uploads\/2024\/01\/como_funciona.png 979w, https:\/\/neive.com.br\/wp-content\/uploads\/2024\/01\/como_funciona-300x173.png 300w, https:\/\/neive.com.br\/wp-content\/uploads\/2024\/01\/como_funciona-768x442.png 768w\" sizes=\"(max-width: 979px) 100vw, 979px\" \/><button\n\t\t\tclass=\"lightbox-trigger\"\n\t\t\ttype=\"button\"\n\t\t\taria-haspopup=\"dialog\"\n\t\t\taria-label=\"Ampliar\"\n\t\t\tdata-wp-init=\"callbacks.initTriggerButton\"\n\t\t\tdata-wp-on--click=\"actions.showLightbox\"\n\t\t\tdata-wp-style--right=\"state.imageButtonRight\"\n\t\t\tdata-wp-style--top=\"state.imageButtonTop\"\n\t\t>\n\t\t\t<svg xmlns=\"http:\/\/www.w3.org\/2000\/svg\" width=\"12\" height=\"12\" fill=\"none\" viewBox=\"0 0 12 12\">\n\t\t\t\t<path fill=\"#fff\" d=\"M2 0a2 2 0 0 0-2 2v2h1.5V2a.5.5 0 0 1 .5-.5h2V0H2Zm2 10.5H2a.5.5 0 0 1-.5-.5V8H0v2a2 2 0 0 0 2 2h2v-1.5ZM8 12v-1.5h2a.5.5 0 0 0 .5-.5V8H12v2a2 2 0 0 1-2 2H8Zm2-12a2 2 0 0 1 2 2v2h-1.5V2a.5.5 0 0 0-.5-.5H8V0h2Z\" \/>\n\t\t\t<\/svg>\n\t\t<\/button><\/figure>\n<\/div>\n\n<div class=\"wp-block-image is-style-default\">\n<figure data-wp-context=\"{&quot;imageId&quot;:&quot;69e0dca36521e&quot;}\" data-wp-interactive=\"core\/image\" data-wp-key=\"69e0dca36521e\" class=\"aligncenter size-full wp-lightbox-container\"><img decoding=\"async\" width=\"1539\" height=\"736\" data-wp-class--hide=\"state.isContentHidden\" data-wp-class--show=\"state.isContentVisible\" data-wp-init=\"callbacks.setButtonStyles\" data-wp-on--click=\"actions.showLightbox\" data-wp-on--load=\"callbacks.setButtonStyles\" data-wp-on-window--resize=\"callbacks.setButtonStyles\" src=\"https:\/\/neive.com.br\/wp-content\/uploads\/2024\/01\/versoes.png\" alt=\"\" class=\"wp-image-166\" srcset=\"https:\/\/neive.com.br\/wp-content\/uploads\/2024\/01\/versoes.png 1539w, https:\/\/neive.com.br\/wp-content\/uploads\/2024\/01\/versoes-300x143.png 300w, https:\/\/neive.com.br\/wp-content\/uploads\/2024\/01\/versoes-1024x490.png 1024w, https:\/\/neive.com.br\/wp-content\/uploads\/2024\/01\/versoes-768x367.png 768w, https:\/\/neive.com.br\/wp-content\/uploads\/2024\/01\/versoes-1536x735.png 1536w\" sizes=\"(max-width: 1539px) 100vw, 1539px\" \/><button\n\t\t\tclass=\"lightbox-trigger\"\n\t\t\ttype=\"button\"\n\t\t\taria-haspopup=\"dialog\"\n\t\t\taria-label=\"Ampliar\"\n\t\t\tdata-wp-init=\"callbacks.initTriggerButton\"\n\t\t\tdata-wp-on--click=\"actions.showLightbox\"\n\t\t\tdata-wp-style--right=\"state.imageButtonRight\"\n\t\t\tdata-wp-style--top=\"state.imageButtonTop\"\n\t\t>\n\t\t\t<svg xmlns=\"http:\/\/www.w3.org\/2000\/svg\" width=\"12\" height=\"12\" fill=\"none\" viewBox=\"0 0 12 12\">\n\t\t\t\t<path fill=\"#fff\" d=\"M2 0a2 2 0 0 0-2 2v2h1.5V2a.5.5 0 0 1 .5-.5h2V0H2Zm2 10.5H2a.5.5 0 0 1-.5-.5V8H0v2a2 2 0 0 0 2 2h2v-1.5ZM8 12v-1.5h2a.5.5 0 0 0 .5-.5V8H12v2a2 2 0 0 1-2 2H8Zm2-12a2 2 0 0 1 2 2v2h-1.5V2a.5.5 0 0 0-.5-.5H8V0h2Z\" \/>\n\t\t\t<\/svg>\n\t\t<\/button><\/figure>\n<\/div>","protected":false},"excerpt":{"rendered":"<p>Simples. Confi\u00e1vel. Poderoso backup entre plataformas e recupera\u00e7\u00e3o de desastres que aproveita a nuvem p\u00fablica para permitir uma estrat\u00e9gia abrangente de prote\u00e7\u00e3o de dados. Prote\u00e7\u00e3o de dados para MSPs e times de TI O Neive Managed Backup \u00e9 uma solu\u00e7\u00e3o f\u00e1cil de usar com gerenciamento centralizado, monitoramento, emiss\u00e3o de relat\u00f3rios e acesso remoto gratuito baseado [&hellip;]<\/p>\n","protected":false},"author":1,"featured_media":0,"parent":0,"menu_order":0,"comment_status":"closed","ping_status":"closed","template":"","meta":{"footnotes":""},"class_list":["post-147","page","type-page","status-publish","hentry"],"_links":{"self":[{"href":"https:\/\/neive.com.br\/index.php\/wp-json\/wp\/v2\/pages\/147","targetHints":{"allow":["GET"]}}],"collection":[{"href":"https:\/\/neive.com.br\/index.php\/wp-json\/wp\/v2\/pages"}],"about":[{"href":"https:\/\/neive.com.br\/index.php\/wp-json\/wp\/v2\/types\/page"}],"author":[{"embeddable":true,"href":"https:\/\/neive.com.br\/index.php\/wp-json\/wp\/v2\/users\/1"}],"replies":[{"embeddable":true,"href":"https:\/\/neive.com.br\/index.php\/wp-json\/wp\/v2\/comments?post=147"}],"version-history":[{"count":15,"href":"https:\/\/neive.com.br\/index.php\/wp-json\/wp\/v2\/pages\/147\/revisions"}],"predecessor-version":[{"id":174,"href":"https:\/\/neive.com.br\/index.php\/wp-json\/wp\/v2\/pages\/147\/revisions\/174"}],"wp:attachment":[{"href":"https:\/\/neive.com.br\/index.php\/wp-json\/wp\/v2\/media?parent=147"}],"curies":[{"name":"wp","href":"https:\/\/api.w.org\/{rel}","templated":true}]}}